{"id":13,"date":"2021-02-19T14:48:58","date_gmt":"2021-02-19T13:48:58","guid":{"rendered":"http:\/\/www.muovitimuoviti.it\/?page_id=13"},"modified":"2021-02-22T19:20:47","modified_gmt":"2021-02-22T18:20:47","slug":"chi-sono","status":"publish","type":"page","link":"http:\/\/www.muovitimuoviti.it\/index.php\/chi-sono\/","title":{"rendered":"Chi sono"},"content":{"rendered":"<h2>CIAO!<\/h2>\n<p><img loading=\"lazy\" src=\"http:\/\/www.muovitimuoviti.it\/wp-content\/uploads\/2021\/02\/144852198_10223134845473442_9097972997103820819_o-297x300.jpg\" alt=\"\" width=\"297\" height=\"300\" class=\"alignnone\" \/><\/p>\n<p>Sono Cristina e sono una Chinesiologa, ovvero mi occupo di movimento finalizzato al benessere psicofisico della persona.<\/p>\n<p>Sono laureata magistrale in Scienze e tecniche delle attivit\u00e0 motorie preventive e adattate e mi occupo in particolare di patologie neurodegenerative e neurobiologiche.<\/p>\n<p>Sono fortemente convinta che il movimento \u00e8 una terapia efficace e fondamentale per contrastare la malattia, i suoi sintomi e la sua evoluzione.<\/p>\n<p>Sono inoltre una sostenitrice della neuroplasticit\u00e0: il cervello \u00e8 dinamico e pu\u00f2 creare nuove connessioni se correttamente stimolato!<\/p>\n<p>Per questo motivo ho dedicato entrambe le tesi di laurea alla sperimentazione di metodologie di allenamento per il contrasto dei sintomi della Malattia di Parkinson, decidendo poi di allargare il mio campo di studi ad altre patologie.<\/p>\n<p>Sono inoltre Massoterapista, ovvero pratico massaggi a scopo terapeutico, e continuo ad approfondire materie utili al mio campo di azione.<br \/>\nLo scopo \u00e8 unire tutte le \u201ctessere del puzzle\u201d per creare il protocollo di allenamento su misura per ogni persona, in base alle sue esigenze, problematiche e obbiettivi.<\/p>\n<p>\u201cMuoviti muoviti\u201d \u00e8 il mio puzzle. Uno spazio virtuale di informazione e di lavoro, dove avrai la possibilit\u00e0 di approfondire argomenti tramite il blog e di iniziare se vorrai un percorso insieme.<\/p>\n<p><strong><img loading=\"lazy\" src=\"http:\/\/www.muovitimuoviti.it\/wp-content\/uploads\/2021\/02\/DSC_1338-300x200.jpg\" alt=\"\" width=\"300\" height=\"200\" \/><\/strong><\/p>\n<h5>Il mio curriculum in breve:<\/h5>\n<h6><strong>Formazione:<\/strong><\/h6>\n<ul>\n<li>Laurea Magistrale in Scienze e tecniche della attivit\u00e0 motorie preventive e adattate LM-67.<br \/>\nPresso: Universit\u00e0 Cattolica del Sacro Cuore, Milano, Italia<\/li>\n<li>Laurea Triennale in Scienze Motorie<br \/>\nPresso: Universit\u00e0 degli studi dell\u2019Insubria, Varese, Italia<\/li>\n<li>MCB Massaggiatore e capo bagnino degli stabilimenti idroterapici<br \/>\nPresso: Ecolife Evoluzione Salute e Ambiente, Milano, Italia<\/li>\n<\/ul>\n<h5>Corsi di approfondimento:<\/h5>\n<p>CTF3 Personal Fitness Trainer, ISSA Europe (ITA)<\/p>\n<ul>\n<li>1\u00b0e 2\u00b0 livello BACK SCHOOL, NECK SCHOOL, BONE SCHOOL \u2013 Programma Toso, Milanino Back School (ITA)\u2013 Coach Rock Steady Boxing, Rock Steady Boxing (USA)<\/li>\n<li>Parkinson\u2019s Disease Awareness Training for Fitness Professional, APDA American Parkinson Disease Association (USA)<\/li>\n<li>Istruttore di fitness in acqua, AEA Aquatic Exercise Association (USA)<\/li>\n<li>Come allenare la donna in gravidanza, Advanced Osteopathy Institute (ITA)<\/li>\n<li>Le metodologie posturali nella preparazione fisica degli atleti, Universit\u00e0 degli Studi dell\u2019Insubria (ITA)<\/li>\n<\/ul>\n","protected":false},"excerpt":{"rendered":"<p>CIAO! Sono Cristina e sono una Chinesiologa, ovvero mi occupo di movimento finalizzato al benessere psicofisico della persona. Sono laureata magistrale in Scienze e tecniche delle attivit\u00e0 motorie preventive e adattate e mi occupo in particolare di patologie neurodegenerative e neurobiologiche. Sono fortemente convinta che il movimento \u00e8 una terapia [&hellip;]<\/p>\n","protected":false},"author":1,"featured_media":0,"parent":0,"menu_order":0,"comment_status":"closed","ping_status":"closed","template":"","meta":[],"_links":{"self":[{"href":"http:\/\/www.muovitimuoviti.it\/index.php\/wp-json\/wp\/v2\/pages\/13"}],"collection":[{"href":"http:\/\/www.muovitimuoviti.it\/index.php\/wp-json\/wp\/v2\/pages"}],"about":[{"href":"http:\/\/www.muovitimuoviti.it\/index.php\/wp-json\/wp\/v2\/types\/page"}],"author":[{"embeddable":true,"href":"http:\/\/www.muovitimuoviti.it\/index.php\/wp-json\/wp\/v2\/users\/1"}],"replies":[{"embeddable":true,"href":"http:\/\/www.muovitimuoviti.it\/index.php\/wp-json\/wp\/v2\/comments?post=13"}],"version-history":[{"count":7,"href":"http:\/\/www.muovitimuoviti.it\/index.php\/wp-json\/wp\/v2\/pages\/13\/revisions"}],"predecessor-version":[{"id":177,"href":"http:\/\/www.muovitimuoviti.it\/index.php\/wp-json\/wp\/v2\/pages\/13\/revisions\/177"}],"wp:attachment":[{"href":"http:\/\/www.muovitimuoviti.it\/index.php\/wp-json\/wp\/v2\/media?parent=13"}],"curies":[{"name":"wp","href":"https:\/\/api.w.org\/{rel}","templated":true}]}}