{"id":14,"date":"2021-02-19T14:48:59","date_gmt":"2021-02-19T13:48:59","guid":{"rendered":"http:\/\/www.muovitimuoviti.it\/?page_id=14"},"modified":"2021-04-11T15:45:24","modified_gmt":"2021-04-11T13:45:24","slug":"il-progetto","status":"publish","type":"page","link":"http:\/\/www.muovitimuoviti.it\/index.php\/il-progetto\/","title":{"rendered":"Il Progetto"},"content":{"rendered":"\t\t<div data-elementor-type=\"wp-page\" data-elementor-id=\"14\" class=\"elementor elementor-14\" data-elementor-settings=\"[]\">\n\t\t\t\t\t\t<div class=\"elementor-inner\">\n\t\t\t\t\t\t\t<div class=\"elementor-section-wrap\">\n\t\t\t\t\t\t\t<section class=\"elementor-section elementor-top-section elementor-element elementor-element-11c1857 elementor-section-boxed elementor-section-height-default elementor-section-height-default\" data-id=\"11c1857\" data-element_type=\"section\">\n\t\t\t\t\t\t<div class=\"elementor-container elementor-column-gap-default\">\n\t\t\t\t\t\t\t<div class=\"elementor-row\">\n\t\t\t\t\t<div class=\"elementor-column elementor-col-100 elementor-top-column elementor-element elementor-element-b0661f3\" data-id=\"b0661f3\" data-element_type=\"column\">\n\t\t\t<div class=\"elementor-column-wrap elementor-element-populated\">\n\t\t\t\t\t\t\t<div class=\"elementor-widget-wrap\">\n\t\t\t\t\t\t<div class=\"elementor-element elementor-element-2793a50 elementor-widget elementor-widget-text-editor\" data-id=\"2793a50\" data-element_type=\"widget\" data-widget_type=\"text-editor.default\">\n\t\t\t\t<div class=\"elementor-widget-container\">\n\t\t\t\t\t<div class=\"elementor-text-editor elementor-clearfix\"><p><strong><img loading=\"lazy\" class=\"wp-image-119 aligncenter\" src=\"http:\/\/www.muovitimuoviti.it\/wp-content\/uploads\/2021\/02\/logo_muovitimuoviti-2-300x300.jpg\" alt=\"\" width=\"177\" height=\"178\" srcset=\"http:\/\/www.muovitimuoviti.it\/wp-content\/uploads\/2021\/02\/logo_muovitimuoviti-2-300x300.jpg 300w, http:\/\/www.muovitimuoviti.it\/wp-content\/uploads\/2021\/02\/logo_muovitimuoviti-2-scaled-160x160.jpg 160w, http:\/\/www.muovitimuoviti.it\/wp-content\/uploads\/2021\/02\/logo_muovitimuoviti-2-scaled-600x600.jpg 600w, http:\/\/www.muovitimuoviti.it\/wp-content\/uploads\/2021\/02\/logo_muovitimuoviti-2-1024x1024.jpg 1024w, http:\/\/www.muovitimuoviti.it\/wp-content\/uploads\/2021\/02\/logo_muovitimuoviti-2-150x150.jpg 150w, http:\/\/www.muovitimuoviti.it\/wp-content\/uploads\/2021\/02\/logo_muovitimuoviti-2-768x768.jpg 768w, http:\/\/www.muovitimuoviti.it\/wp-content\/uploads\/2021\/02\/logo_muovitimuoviti-2-1536x1536.jpg 1536w, http:\/\/www.muovitimuoviti.it\/wp-content\/uploads\/2021\/02\/logo_muovitimuoviti-2-2048x2048.jpg 2048w\" sizes=\"(max-width: 177px) 100vw, 177px\" \/><\/strong><\/p><p><strong>L\u2019idea:\u00a0<\/strong><\/p><p><span>La parte che preferisco della chinesiologia \u00e8 il contatto con le persone e vedere che, grazie al percorso che facciamo insieme, riescono ad ottenere dei risultati positivi facendo, passo a passo, dei progressi personali mantenuti il pi\u00f9 possibile nel tempo.<\/span><\/p><p>Muoviti Muoviti nasce proprio dal desiderio di raggiungere pi\u00f9 persone possibili che possano trarre beneficio dalla mia passione: il mio lavoro!<\/p><p><em>\u201cScegli un lavoro che ami, e non dovrai lavorare neppure un giorno in vita tua.\u201d\u00a0<\/em>\u00a0\u00a0 \u00a0 \u00a0 \u00a0 \u00a0 \u00a0 Confucio<\/p><p><strong>Il Fine:<\/strong><\/p><p>L\u2019obbiettivo \u00e8 seguirvi e sostenervi in maniera professionale, mettendo in gioco tutte le mie conoscenze ed esperienze per trovare il percorso pi\u00f9 adatto a voi!<\/p><p><strong>Come:<\/strong><\/p><p>\u2013 Attraverso i percorsi 1 a 1, con protocolli specifici, creati ad hoc per la persona, che comprendono sempre:<\/p><ul><li>Anamnesi<\/li><li>test di valutazione<\/li><li>schede di allenamento personalizzate<\/li><li>email\/messaggi\/whatsapp per un contatto costante<\/li><\/ul><p>\u2013 Attraverso i social per rimanere aggiornati sulle novit\u00e0 di Muoviti Muoviti e fare rete.<\/p><p>\u2013 Attraverso il blog per un\u2019informazione scientifica e trasparente, volta a scovare le novit\u00e0 e le curiosit\u00e0 riguardo il movimento finalizzato e il benessere in generale.<\/p><p><strong>A chi si rivolge:<\/strong><\/p><p>Muoviti muoviti \u00e8 rivolto a chi vuol saperne di pi\u00f9 riguardo ad alcune patologie e all\u2019 esercizio terapia, che sia per propria cultura personale, perch\u00e9 ne soffre o ha un affetto che ne \u00e8 interessato.<\/p><p>I percorsi si rivolgono nello specifico a chi ha patologie neurodegenerative, neurobiologiche ed esercizio sensibili, ad esempio Malattia di Parkinson e Parkinsonismi, Sclerosi Multipla e Fibromialgia.<\/p><p>La peculiarit\u00e0 dei percorsi \u00e8 che sono adatti a qualunque livello di motricit\u00e0, si possono svolgere ovunque (senza bisogno di iscriversi in palestra) e con l\u2019ausilio di pochi materiali e attrezzi reperibili in casa.<\/p><p><strong>Perch\u00e9 Muoviti Muoviti:<\/strong><\/p><p>Il nome \u00e8 venuto in mente a mia mamma, mentre le raccontavo l\u2019idea del sito e il suo scopo.<\/p><p>Muoviti Muoviti \u00e8 infatti il titolo di una canzone di Jovanotti e queste righe racchiudono benissimo quello che vorrei trasmettervi!<\/p><p><em>\u201cFatevi prendere dai per un momento<\/em><br \/><em>Liberati dallo stress e dal tormento<\/em><br \/><em>Libera l\u2019anima da, da tutti i limiti<\/em><br \/><em>Che condizionano te ed i tuoi simili<\/em><br \/><em>Lascia la carica scorrere nelle tue vene<\/em><br \/><em>Forse lasciandoti andare magari conviene<\/em><br \/><em>Io dico che ti conviene, certamente<\/em><br \/><em>Libera l\u2019anima, il corpo e anche la mente<\/em><br \/><em>Cerca di guardare il mondo con gli occhi pi\u00f9 aperti<\/em><br \/><em>Cerca di fare qualcosa, che ti diverti<\/em><br \/><em>Muoviti muoviti<\/em><br \/><em>E allora muoviti muoviti<\/em><br \/><em>Niente \u00e8 finito lo sai finch\u00e9 ci sei<\/em><br \/><em>Puoi cominciare anche subito, io lo farei!\u201d\u00a0<\/em>Jovanotti<\/p><p>(Una trib\u00f9 che balla,1991)<\/p><\/div>\n\t\t\t\t<\/div>\n\t\t\t\t<\/div>\n\t\t\t\t\t\t<\/div>\n\t\t\t\t\t<\/div>\n\t\t<\/div>\n\t\t\t\t\t\t\t\t<\/div>\n\t\t\t\t\t<\/div>\n\t\t<\/section>\n\t\t\t\t<section class=\"elementor-section elementor-top-section elementor-element elementor-element-5ae7697 elementor-section-boxed elementor-section-height-default elementor-section-height-default\" data-id=\"5ae7697\" data-element_type=\"section\">\n\t\t\t\t\t\t<div class=\"elementor-container elementor-column-gap-default\">\n\t\t\t\t\t\t\t<div class=\"elementor-row\">\n\t\t\t\t\t<div class=\"elementor-column elementor-col-100 elementor-top-column elementor-element elementor-element-a4aa490\" data-id=\"a4aa490\" data-element_type=\"column\">\n\t\t\t<div class=\"elementor-column-wrap elementor-element-populated\">\n\t\t\t\t\t\t\t<div class=\"elementor-widget-wrap\">\n\t\t\t\t\t\t<div class=\"elementor-element elementor-element-a89210a elementor-widget elementor-widget-image\" data-id=\"a89210a\" data-element_type=\"widget\" data-widget_type=\"image.default\">\n\t\t\t\t<div class=\"elementor-widget-container\">\n\t\t\t\t\t<div class=\"elementor-image\">\n\t\t\t\t\t\t\t\t\t\t<img width=\"750\" height=\"750\" src=\"http:\/\/www.muovitimuoviti.it\/wp-content\/uploads\/2021\/02\/logo_muovitimuoviti-2-1024x1024.jpg\" class=\"attachment-large size-large\" alt=\"\" loading=\"lazy\" srcset=\"http:\/\/www.muovitimuoviti.it\/wp-content\/uploads\/2021\/02\/logo_muovitimuoviti-2-1024x1024.jpg 1024w, http:\/\/www.muovitimuoviti.it\/wp-content\/uploads\/2021\/02\/logo_muovitimuoviti-2-scaled-160x160.jpg 160w, http:\/\/www.muovitimuoviti.it\/wp-content\/uploads\/2021\/02\/logo_muovitimuoviti-2-scaled-600x600.jpg 600w, http:\/\/www.muovitimuoviti.it\/wp-content\/uploads\/2021\/02\/logo_muovitimuoviti-2-300x300.jpg 300w, http:\/\/www.muovitimuoviti.it\/wp-content\/uploads\/2021\/02\/logo_muovitimuoviti-2-150x150.jpg 150w, http:\/\/www.muovitimuoviti.it\/wp-content\/uploads\/2021\/02\/logo_muovitimuoviti-2-768x768.jpg 768w, http:\/\/www.muovitimuoviti.it\/wp-content\/uploads\/2021\/02\/logo_muovitimuoviti-2-1536x1536.jpg 1536w, http:\/\/www.muovitimuoviti.it\/wp-content\/uploads\/2021\/02\/logo_muovitimuoviti-2-2048x2048.jpg 2048w\" sizes=\"(max-width: 750px) 100vw, 750px\" \/>\t\t\t\t\t\t\t\t\t\t\t<\/div>\n\t\t\t\t<\/div>\n\t\t\t\t<\/div>\n\t\t\t\t\t\t<\/div>\n\t\t\t\t\t<\/div>\n\t\t<\/div>\n\t\t\t\t\t\t\t\t<\/div>\n\t\t\t\t\t<\/div>\n\t\t<\/section>\n\t\t\t\t<section class=\"elementor-section elementor-top-section elementor-element elementor-element-e26f8c2 elementor-section-boxed elementor-section-height-default elementor-section-height-default\" data-id=\"e26f8c2\" data-element_type=\"section\">\n\t\t\t\t\t\t<div class=\"elementor-container elementor-column-gap-default\">\n\t\t\t\t\t\t\t<div class=\"elementor-row\">\n\t\t\t\t\t<div class=\"elementor-column elementor-col-100 elementor-top-column elementor-element elementor-element-1e67098\" data-id=\"1e67098\" data-element_type=\"column\">\n\t\t\t<div class=\"elementor-column-wrap\">\n\t\t\t\t\t\t\t<div class=\"elementor-widget-wrap\">\n\t\t\t\t\t\t\t\t<\/div>\n\t\t\t\t\t<\/div>\n\t\t<\/div>\n\t\t\t\t\t\t\t\t<\/div>\n\t\t\t\t\t<\/div>\n\t\t<\/section>\n\t\t\t\t\t\t<\/div>\n\t\t\t\t\t\t<\/div>\n\t\t\t\t\t<\/div>\n\t\t","protected":false},"excerpt":{"rendered":"<p>L\u2019idea:\u00a0 La parte che preferisco della chinesiologia \u00e8 il contatto con le persone e vedere che, grazie al percorso che facciamo insieme, riescono ad ottenere dei risultati positivi facendo, passo a passo, dei progressi personali mantenuti il pi\u00f9 possibile nel tempo. Muoviti Muoviti nasce proprio dal desiderio di raggiungere pi\u00f9 [&hellip;]<\/p>\n","protected":false},"author":1,"featured_media":0,"parent":0,"menu_order":0,"comment_status":"closed","ping_status":"closed","template":"","meta":[],"_links":{"self":[{"href":"http:\/\/www.muovitimuoviti.it\/index.php\/wp-json\/wp\/v2\/pages\/14"}],"collection":[{"href":"http:\/\/www.muovitimuoviti.it\/index.php\/wp-json\/wp\/v2\/pages"}],"about":[{"href":"http:\/\/www.muovitimuoviti.it\/index.php\/wp-json\/wp\/v2\/types\/page"}],"author":[{"embeddable":true,"href":"http:\/\/www.muovitimuoviti.it\/index.php\/wp-json\/wp\/v2\/users\/1"}],"replies":[{"embeddable":true,"href":"http:\/\/www.muovitimuoviti.it\/index.php\/wp-json\/wp\/v2\/comments?post=14"}],"version-history":[{"count":5,"href":"http:\/\/www.muovitimuoviti.it\/index.php\/wp-json\/wp\/v2\/pages\/14\/revisions"}],"predecessor-version":[{"id":234,"href":"http:\/\/www.muovitimuoviti.it\/index.php\/wp-json\/wp\/v2\/pages\/14\/revisions\/234"}],"wp:attachment":[{"href":"http:\/\/www.muovitimuoviti.it\/index.php\/wp-json\/wp\/v2\/media?parent=14"}],"curies":[{"name":"wp","href":"https:\/\/api.w.org\/{rel}","templated":true}]}}